{"id":4901,"date":"2021-03-05T13:20:57","date_gmt":"2021-03-05T13:20:57","guid":{"rendered":"http:\/\/caribbeanstars.com\/?page_id=4901"},"modified":"2021-03-05T13:21:12","modified_gmt":"2021-03-05T13:21:12","slug":"8851-2","status":"publish","type":"page","link":"https:\/\/caribbeanstars.com\/?page_id=4901","title":{"rendered":"Impact breaks Canadian attendance record"},"content":{"rendered":"<p>[vc_row full_width=&#8221;stretch_row&#8221; css=&#8221;.vc_custom_1612200746719{background-color: #f5f5f5 !important;}&#8221;][vc_column][vc_column_text el_class=&#8221;pageTitleSection&#8221;]<\/p>\n<h1 class=\"\" style=\"text-align: left;\">Impact breaks Canadian attendance record<\/h1>\n<p>[\/vc_column_text][\/vc_column][\/vc_row][vc_row full_width=&#8221;stretch_row&#8221; css=&#8221;.vc_custom_1612200746719{background-color: #f5f5f5 !important;}&#8221;][vc_column][vc_column_text el_class=&#8221;pageTitleSection&#8221;]<\/p>\n<header>\n<div class=\"primary_top_content\">\n<p><img decoding=\"async\" src=\"https:\/\/montreal-mp7static.mlsdigital.net\/styles\/image_landscape\/s3\/mp6\/image_nodes\/2012\/05\/ArnaudGoal_MTLvLA_0.jpg?vQe0xbEUBqHwxApB2ewAscjTmlIuivm9&amp;itok=JRFKiPWx\" alt=\"Davy Arnaud breakaway MTLvLA\" \/><\/p>\n<div class=\"photo_credit\">Charles William \/ Impact de Montr\u00e9al<\/div>\n<\/div>\n<h1 id=\"page-title\" class=\"title\">Rapport de match : L&#8217;Impact et le Galaxy font match nul 1-1 devant une foule record de 60 860 spectateurs<\/h1>\n<div class=\"byline\">\n<div class=\"pub_date\">May 12, 20128:38PM EDT<\/div>\n<div class=\"author\">Communiqu\u00e9<br \/>\nImpact de Montr\u00e9al<\/div>\n<\/div>\n<div class=\"content_social\">\n<div id=\"block-mp7-gigya-mp7-gigya-share-bar-block\" class=\"block block-mp7-gigya first odd\">\n<div id=\"sharebarDiv\"><\/div>\n<\/div>\n<\/div>\n<\/header>\n<div class=\"field field-name-field-post-body field-type-text-long field-label-hidden\">\n<div class=\"field-items\">\n<div class=\"field-item even\">\n<p>MONTR\u00c9AL, Qu\u00e9bec \u2013 L\u2019Impact de Montr\u00e9al et le LA Galaxy ont fait match nul 1-1 samedi, devant une foule record de 60 860 spectateurs au Stade olympique. L\u2019Impact est du m\u00eame coup demeur\u00e9 invaincu \u00e0 domicile en saison r\u00e9guli\u00e8re, affichant un dossier de 2-0-2.<\/p>\n<p>L\u2019Impact a ouvert le pointage d\u00e8s la 8e minute lorsque le d\u00e9fenseur Nelson Rivas a remis un long ballon provenant du tiers d\u00e9fensif vers le milieu de terrain Davy Arnaud, qui avait fait une course derri\u00e8re la d\u00e9fense du Galaxy. Seul devant le filet, le capitaine de l\u2019Impact a battu le gardien du Galaxy Brian Perk \u00e0 sa gauche, pour inscrire son deuxi\u00e8me but de la saison et son septi\u00e8me en carri\u00e8re contre le Galaxy.<\/p>\n<p>Le Galaxy a ensuite \u00e9gal\u00e9 la marque \u00e0 la 62e minute lorsque le milieu de terrain David Beckham a marqu\u00e9 d\u2019un coup franc d\u2019environ 25 m\u00e8tres, qui a courb\u00e9 tout juste \u00e0 l\u2019int\u00e9rieur du poteau droit, du c\u00f4t\u00e9 rapproch\u00e9. Ce but a du m\u00eame coup mis fin \u00e0 une s\u00e9quence de 259 minutes cons\u00e9cutives sans but accord\u00e9 par l\u2019Impact.<\/p>\n<p>\u00ab Nous avons \u00e9t\u00e9 en mesure de r\u00e9colter un point contre une excellente \u00e9quipe, apr\u00e8s une longue semaine, a d\u00e9clar\u00e9 l\u2019entra\u00eeneur-chef de l\u2019Impact Jesse Marsch. Nous n\u2019avons toujours pas perdu dans ce stade, ce qui est un autre point positif. M\u00eame si nous n\u2019\u00e9tions pas \u00e0 notre mieux aujourd\u2019hui, nous avons obtenu un point que nous perdions plus t\u00f4t cette saison.\u00bb<\/p>\n<div class=\"rtecenter\">\n<p><strong>Commentaires d&#8217;apr\u00e8s-match<\/strong><\/p>\n<div class=\"fluid-width-video-wrapper\"><object id=\"cf4de3coi\" name=\"cf4de3con\" width=\"300\" height=\"150\" classid=\"clsid:D27CDB6E-AE6D-11cf-96B8-444553540000\" data-mce-fragment=\"1\"><embed allowfullscreen=\"allowfullscreen\" allowscriptaccess=\"always\" height=\"175\" id=\"cf4de3cei\" name=\"cf4de3cen\" src=\"http:\/\/p.mlssoccer.com\/4vlAZ\/video\/980153\/980153_2012-05-12-201053.640hq.mp4\" type=\"application\/x-shockwave-flash\" width=\"310\" \/><\/object><\/div>\n<\/div>\n<h3><strong>Quelques occasions et arr\u00eats-cl\u00e9s<\/strong><\/h3>\n<p>\u00c0 la 20e minute, le milieu de terrain Collen Warner a dribbl\u00e9 sur plusieurs m\u00e8tres sur le flanc droit, avant de prendre un tir bas crois\u00e9 \u00e0 l\u2019entr\u00e9e de la bo\u00eete de r\u00e9paration qui a rat\u00e9 le filet de peu \u00e0 la droite du gardien du Galaxy.<\/p>\n<p>Un coup franc \u00e0 la 31e minute de jeu de Felipe a trouv\u00e9 Corradi, post\u00e9 au deuxi\u00e8me poteau, mais son tir de la t\u00eate s\u2019est retrouv\u00e9 sur le dessus du filet.<\/p>\n<p>Le Galaxy est venu pr\u00e8s de briser l\u2019\u00e9galit\u00e9 \u00e0 la 53e minute lorsque l\u2019attaquant du Galaxy Landon Donovan a gagn\u00e9 le ballon tout juste \u00e0 l\u2019int\u00e9rieur de la surface de r\u00e9paration, avant de d\u00e9cocher une puissante frappe qui a \u00e9t\u00e9 arr\u00eat\u00e9e par le gardien de l\u2019Impact Donovan Ricketts, qui affrontait son ancienne \u00e9quipe pour la premi\u00e8re fois, en plongeant \u00e0 sa gauche.<\/p>\n<p>Puis \u00e0 la 64e minute, Ricketts a \u00e9t\u00e9 forc\u00e9 \u00e0 effectuer deux autres arr\u00eats. Le gardien jama\u00efcain est sorti de son filet pour arr\u00eater le tir \u00e0 bout portant de Robbie Keane, suite \u00e0 une passe de Beckham. Puis suite \u00e0 une m\u00eal\u00e9e caus\u00e9e par le rebond, Landon Donovan a tir\u00e9 d\u2019environ 15 m\u00e8tres, mais Ricketts a \u00e9t\u00e9 en mesure de faire l\u2019arr\u00eat en fon\u00e7ant sur le joueur du Galaxy.<\/p>\n<p>\u00ab\u00a0Je fais tout ce que peux pour aider l\u2019\u00e9quipe \u00e0 gagner, a d\u00e9clar\u00e9 Ricketts. Aujourd\u2019hui, nous avons d\u00fb faire face \u00e0 une certaine pression et j\u2019ai aid\u00e9 du mieux que je pouvais. Quelques fois, c\u2019est plus facile comme contre Portland, alors que d\u2019autres fois je dois travailler plus fort. C\u2019\u00e9tait un bel effort d\u2019\u00e9quipe.\u00a0\u00bb<\/p>\n<p>\u00ab\u00a0Ayant tous les bons joueurs dans leur effectif, on peut consid\u00e9rer que c\u2019est un bon r\u00e9sultat, a d\u00e9clar\u00e9 le d\u00e9fenseur de l\u2019Impact Hassoun Camara. Mais c\u2019est dommage parce que nous voulions les trois points. On doit \u00eatre satisfait de notre performance. On retournera \u00e0 l\u2019entra\u00eenement cette semaine pour obtenir la victoire la semaine prochaine.\u00a0\u00bb<\/p>\n<h3><strong>Un nouveau record<\/strong><\/h3>\n<p>L\u2019Impact a battu un record d\u2019assistance canadien pour un match professionnel de soccer, \u00e9tabli le 20 juin 1983, dans un match qui avait attir\u00e9 60 342 spectateurs au BC Place, entre les Vancouver Whitecaps FC contre les Seattle Sounders en NASL.<\/p>\n<p>C\u2019est la deuxi\u00e8me fois cette saison que plus de 58 000 personnes assistent \u00e0 un match de l\u2019Impact, incluant les 58 912 spectateurs lors de son match d\u2019ouverture de la MLS en 2012 au Stade olympique.<\/p>\n<p>\u00ab\u00a0Jouer devant 60 000 supporters est fantastique, a not\u00e9 David Beckham. C\u2019est toujours ce que l\u2019on veut, peu importe l\u2019endroit. \u00c0 domicile ou \u00e0 l\u2019ext\u00e9rieur, que les gens prennent ou non pour ton \u00e9quipe, c\u2019est toujours merveilleux de jouer dans cette atmosph\u00e8re. Je tiens \u00e0 remercier les supporters de l\u2019Impact. Ce fut une excellente journ\u00e9e pour jouer. \u00bb<\/p>\n<h3><strong>Prochains matchs<\/strong><\/h3>\n<p>L\u2019Impact disputera ensuite son dernier match au Stade olympique, samedi prochain, le 19 mai \u00e0 19h30, contre les New York Red Bulls. L\u2019\u00e9quipe tentera de prendre sa revanche contre New York suite \u00e0 la d\u00e9faite du 31 mars dernier.<\/p>\n<p>L\u2019Impact disputera son premier match au Stade Saputo, r\u00e9nov\u00e9 et agrandi \u00e0 20 341 si\u00e8ges, le 16 juin contre les Seattle Sounders FC. Il est possible de se procurer de nouveaux forfaits de billets de saison pour les 12 matchs au Stade Saputo via le site Internet du club au impactmontreal.com ou en composant le 514-328-3668\u00a0 \u00a0 \u00a0 .<\/p>\n<p class=\"rtecenter\"><strong>Fait saillants : MTL 1, LA 1<\/strong><\/p>\n<div class=\"fluid-width-video-wrapper\"><object id=\"cfc710doi\" name=\"cfc710don\" width=\"300\" height=\"150\" classid=\"clsid:D27CDB6E-AE6D-11cf-96B8-444553540000\" data-mce-fragment=\"1\"><embed allowfullscreen=\"allowfullscreen\" allowscriptaccess=\"always\" height=\"349\" id=\"cfc710dei\" name=\"cfc710den\" src=\"http:\/\/p.mlssoccer.com\/4vlAZ\/video\/980109\/980109_2012-05-12-192309.640hq.mp4\" type=\"application\/x-shockwave-flash\" width=\"620\" \/><\/object><\/div>\n<p><strong>ALIGNEMENTS:<\/strong><\/p>\n<p>MTL \u2013 G-Donovan Ricketts, D-Jeb Brovsky, Hassoun Camara, Matteo Ferrari, Nelson Rivas; M &#8211; Justin Mapp (Justin Braun 59\u2019), Felipe, Collen Warner, Lamar Neagle (Sanna Nyassi 85\u2019); A\u2013Bernardo Corradi (Andrew Wenger 68\u2019) Davy Arnaud<\/p>\n<p>Substituts non utilis\u00e9s: G \u2013 Greg Sutton; D \u2013 Shavar Thomas, Calum Mallace; M \u2013 Patrice Bernier<\/p>\n<p>LA \u2013 G \u2013 Brian Perk; D-Sean Franklin, Dan Keat, AJ DeLaGarza, Todd Dunivant; M-Kyle Nakazawa (Pat Noonan 69\u2019) Juninho (Marcelo Sarvas 74\u2019), David Beckham, Michael Stephens (Mike MaGee 45\u2019) A-Landon Donovan, Robbie Keane<\/p>\n<p><strong>BUTS:<\/strong><br \/>\nMTL \u2013 Arnaud 8\u2019<br \/>\nLA \u2013 Beckham 62\u2019<\/p>\n<p><strong>AVERTISSEMENTS:<\/strong><br \/>\nLA \u2013 Keat 44\u2019<br \/>\nMTL \u2013 Ferrari 46\u2019<br \/>\nLA \u2013 Beckham 54\u2019<br \/>\nLA \u2013 Juninho 57\u2019<\/p>\n<\/div>\n<\/div>\n<\/div>\n<div class=\"field field-name-field-post-topics field-type-taxonomy-term-reference field-label-above\">\n<div class=\"field-label\">Topics:<\/div>\n<div class=\"field-items\">\n<div class=\"field-item even\"><a href=\"https:\/\/www.cfmontreal.com\/en\/topics\/communiqu%C3%A9s\">Communiqu\u00e9s<\/a><\/div>\n<div class=\"field-item odd\"><a href=\"https:\/\/www.cfmontreal.com\/en\/topics\/match-report\">Match report<\/a><\/div>\n<\/div>\n<\/div>\n<p>[\/vc_column_text][\/vc_column][\/vc_row]<\/p>\n","protected":false},"excerpt":{"rendered":"<p>[vc_row full_width=&#8221;stretch_row&#8221; css=&#8221;.vc_custom_1612200746719{background-color: #f5f5f5 !important;}&#8221;][vc_column][vc_column_text el_class=&#8221;pageTitleSection&#8221;] Impact breaks Canadian attendance record [\/vc_column_text][\/vc_column][\/vc_row][vc_row full_width=&#8221;stretch_row&#8221; css=&#8221;.vc_custom_1612200746719{background-color: #f5f5f5 !important;}&#8221;][vc_column][vc_column_text el_class=&#8221;pageTitleSection&#8221;] Charles William \/ Impact de Montr\u00e9al Rapport de match : L&#8217;Impact et le [&hellip;]<\/p>\n","protected":false},"author":1,"featured_media":0,"parent":4665,"menu_order":0,"comment_status":"closed","ping_status":"closed","template":"","meta":{"_acf_changed":false,"footnotes":""},"class_list":["post-4901","page","type-page","status-publish","hentry"],"acf":[],"_links":{"self":[{"href":"https:\/\/caribbeanstars.com\/index.php?rest_route=\/wp\/v2\/pages\/4901","targetHints":{"allow":["GET"]}}],"collection":[{"href":"https:\/\/caribbeanstars.com\/index.php?rest_route=\/wp\/v2\/pages"}],"about":[{"href":"https:\/\/caribbeanstars.com\/index.php?rest_route=\/wp\/v2\/types\/page"}],"author":[{"embeddable":true,"href":"https:\/\/caribbeanstars.com\/index.php?rest_route=\/wp\/v2\/users\/1"}],"replies":[{"embeddable":true,"href":"https:\/\/caribbeanstars.com\/index.php?rest_route=%2Fwp%2Fv2%2Fcomments&post=4901"}],"version-history":[{"count":2,"href":"https:\/\/caribbeanstars.com\/index.php?rest_route=\/wp\/v2\/pages\/4901\/revisions"}],"predecessor-version":[{"id":4903,"href":"https:\/\/caribbeanstars.com\/index.php?rest_route=\/wp\/v2\/pages\/4901\/revisions\/4903"}],"up":[{"embeddable":true,"href":"https:\/\/caribbeanstars.com\/index.php?rest_route=\/wp\/v2\/pages\/4665"}],"wp:attachment":[{"href":"https:\/\/caribbeanstars.com\/index.php?rest_route=%2Fwp%2Fv2%2Fmedia&parent=4901"}],"curies":[{"name":"wp","href":"https:\/\/api.w.org\/{rel}","templated":true}]}}